{"id":22,"date":"2020-04-29T16:15:54","date_gmt":"2020-04-29T14:15:54","guid":{"rendered":""},"modified":"2020-04-30T08:44:48","modified_gmt":"2020-04-30T06:44:48","slug":"ueber-uns","status":"publish","type":"page","link":"https:\/\/www.stroblobst.at\/shop\/?page_id=22","title":{"rendered":"\u00dcber uns"},"content":{"rendered":"<p>Wir sind ein b\u00e4uerlicher Obstbau- und Obstverarbeitungsbetrieb und haben uns dem Apfelanbau verschrieben. Auf einer Fl\u00e4che von etwa 6 ha kultivieren und verarbeiten wir als Tr\u00e4ger des G\u00fctesiegels \u201eGutes vom Bauernhof\u201c unsere Fr\u00fcchte.<\/p>\n<p>Die Obstg\u00e4rten unseres Familienbetriebes befinden sich in der fruchtbaren Inn-Ebene.<\/p>\n<p>Dieser Lage und der damit verbundenen klimatischen Voraussetzungen verdanken wir den ausgezeichneten Geschmack unserer \u00c4pfel. Vollst\u00e4ndiges Ausreifen der Fr\u00fcchte am Baum und ein schonendes Pfl\u00fccken von Hand liefern uns das qualitativ hochwertige Ausgangsprodukt dieser Spezialit\u00e4t.<\/p>\n<p>Das Verarbeiten und D\u00f6rren erfolgt mit gro\u00dfer Sorgfalt und viel Liebe zum Apfel direkt bei uns am Hof, sodass wir den \u201cGENUSS VOM BAUM\u201d f\u00fcr Sie in Form unserer ged\u00f6rrten Apfelringe einfangen.<\/p>\n","protected":false},"excerpt":{"rendered":"<p>Wir sind ein b\u00e4uerlicher Obstbau- und Obstverarbeitungsbetrieb und haben uns dem Apfelanbau verschrieben. Auf einer Fl\u00e4che von etwa 6 ha kultivieren und verarbeiten wir als Tr\u00e4ger des G\u00fctesiegels \u201eGutes vom Bauernhof\u201c unsere Fr\u00fcchte. Die Obstg\u00e4rten unseres Familienbetriebes befinden sich in der fruchtbaren Inn-Ebene. Dieser Lage und der damit verbundenen klimatischen Voraussetzungen verdanken wir den ausgezeichneten &hellip; <\/p>\n<p class=\"link-more\"><a href=\"https:\/\/www.stroblobst.at\/shop\/?page_id=22\" class=\"more-link\"><span class=\"screen-reader-text\">\u201e\u00dcber uns\u201c <\/span>weiterlesen<\/a><\/p>\n","protected":false},"author":1,"featured_media":0,"parent":0,"menu_order":0,"comment_status":"closed","ping_status":"closed","template":"","meta":{"footnotes":""},"class_list":["post-22","page","type-page","status-publish","hentry"],"_links":{"self":[{"href":"https:\/\/www.stroblobst.at\/shop\/index.php?rest_route=\/wp\/v2\/pages\/22","targetHints":{"allow":["GET"]}}],"collection":[{"href":"https:\/\/www.stroblobst.at\/shop\/index.php?rest_route=\/wp\/v2\/pages"}],"about":[{"href":"https:\/\/www.stroblobst.at\/shop\/index.php?rest_route=\/wp\/v2\/types\/page"}],"author":[{"embeddable":true,"href":"https:\/\/www.stroblobst.at\/shop\/index.php?rest_route=\/wp\/v2\/users\/1"}],"replies":[{"embeddable":true,"href":"https:\/\/www.stroblobst.at\/shop\/index.php?rest_route=%2Fwp%2Fv2%2Fcomments&post=22"}],"version-history":[{"count":2,"href":"https:\/\/www.stroblobst.at\/shop\/index.php?rest_route=\/wp\/v2\/pages\/22\/revisions"}],"predecessor-version":[{"id":107,"href":"https:\/\/www.stroblobst.at\/shop\/index.php?rest_route=\/wp\/v2\/pages\/22\/revisions\/107"}],"wp:attachment":[{"href":"https:\/\/www.stroblobst.at\/shop\/index.php?rest_route=%2Fwp%2Fv2%2Fmedia&parent=22"}],"curies":[{"name":"wp","href":"https:\/\/api.w.org\/{rel}","templated":true}]}}