{"id":64,"date":"2020-04-29T16:15:54","date_gmt":"2020-04-29T14:15:54","guid":{"rendered":""},"modified":"2025-08-26T16:21:11","modified_gmt":"2025-08-26T14:21:11","slug":"agb","status":"publish","type":"page","link":"https:\/\/www.stroblobst.at\/shop\/?page_id=64","title":{"rendered":"AGB"},"content":{"rendered":"\n<div class=\"wp-block-group\"><div class=\"wp-block-group__inner-container is-layout-flow wp-block-group-is-layout-flow\">\n<p class=\"has-medium-font-size\"><strong>Statt viel &#8222;Kleingedrucktem&#8220; hier ganz einfach unser Ablauf:<\/strong><\/p>\n\n\n\n<p class=\"has-very-dark-gray-color has-text-color\">Sie <strong><span class=\"has-inline-color has-vivid-red-color\">BESTELLEN <\/span><\/strong>&#8211; wir <span class=\"has-inline-color has-vivid-red-color\"><strong>LIEFERN<\/strong> <\/span>&#8211; Sie <strong><span class=\"has-inline-color has-vivid-red-color\">BEZAHLEN <\/span><\/strong>(die beigef\u00fcgte Rechnung)<\/p>\n<\/div><\/div>\n\n\n\n<p><\/p>\n\n\n\n<p><strong>\u00a7 1 Geltungsbereich<\/strong><br>(1) Die nachstehenden \u201eAllgemeinen Gesch\u00e4ftsbedingungen\u201c (AGB) gelten in der am Tag der Bestellung g\u00fcltigen Fassung f\u00fcr s\u00e4mtliche&nbsp;Bestellvorg\u00e4nge aus dem Online-Shop&nbsp;zwischen STROBLOBST e.U. und&nbsp;seinen Kunden. Abweichende Vereinbarungen bed\u00fcrfen der Schriftform. Mit der Abgabe seiner Bestellung erkl\u00e4rt sich der Kunde mit diesen AGB einverstanden und an sie gebunden.<br>(2) Sollten einzelne Bestimmungen dieser AGB aufgrund zwingender gesetzlicher Vorschriften (insbesondere den Bestimmungen des KSchG) ganz oder teilweise unwirksam sein, so bleiben die \u00fcbrigen Bestimmungen dieser AGB unver\u00e4ndert wirksam.<\/p>\n\n\n\n<p><strong>\u00a7 2 Vertragsschluss<\/strong><br>STROBLOBST e.U.&nbsp;beh\u00e4lt sich das Recht vor, das jeweilige Leistungsangebot inhaltlich jederzeit zu ver\u00e4ndern. Alle Angebote sind freibleibend. Der Vertrag kommt durch Annahme der Bestellung durch STROBLOBST e.U. zustande, und zwar entweder durch Absendung einer Auftragsbest\u00e4tigung mittels E-Mail oder unmittelbar durch Absendung der bestellten Ware.<\/p>\n\n\n\n<p><strong>\u00a7 3 Vertragssprache<\/strong><br>Der Vertragsinhalt, alle sonstigen Informationen, Kundendienst und Beschwerdeerledigung werden durchg\u00e4ngig in deutscher Sprache angeboten.<\/p>\n\n\n\n<p><strong>\u00a7 4 R\u00fccktrittsrecht im Fernabsatz<\/strong><br>(1) Kunden, die Verbraucher im Sinne des Konsumentenschutzgesetzes sind, k\u00f6nnen 14 Tage ab Waren\u00fcbernahme vom Kauf ohne Angabe von Gr\u00fcnden zur\u00fccktreten. Es gen\u00fcgt, wenn die R\u00fccktrittserkl\u00e4rung innerhalb der Frist ohne Angabe von Gr\u00fcnden abgesendet wird.<br>(2) Im Falle des R\u00fccktritts findet eine R\u00fcckerstattung des Kaufpreises nur Zug um Zug gegen Zur\u00fcckstellung der vom Kunden erhaltenen Waren statt. Bedingung hierf\u00fcr ist, dass sich die Ware in ungen\u00fctztem und als neu wiederverkaufsf\u00e4higem Zustand befindet. Die Kosten der R\u00fccksendung gehen zu Lasten des Kunden.<br>(3) Artikel, die durch Gebrauchsspuren beeintr\u00e4chtigt oder besch\u00e4digt sind, sind davon ausgenommen und werden nicht zur\u00fcckgenommen.<br>(4) Informationen, Datenausk\u00fcnfte und Beschwerden richten Sie an&nbsp;STROBLOBST e.U.&nbsp;unter&nbsp;office@stroblobst..at<\/p>\n\n\n\n<p><strong>\u00a7 5 Preise<\/strong><br>(1) Grunds\u00e4tzlich gilt jener Kaufpreis f\u00fcr die bestellten Waren als vereinbart, der sich aus den aktuellen Prospekten, Katalogen, Preislisten, Webshop und \u00e4hnlichen Publikationen der Fa. STROBLOBST e.U.&nbsp;ergibt.<br>(2) Soweit nicht anders angegeben, verstehen sich s\u00e4mtliche Preisangaben als Tagesbruttopreise &#8222;ab Werk&#8220; einschlie\u00dflich der gesetzlichen Umsatzsteuer exklusive aller mit dem Versand entstehenden Spesen.<br>(3) Sollten im Zuge des Versandes Export- oder Importabgaben f\u00e4llig werden, gehen auch diese zu Lasten des Bestellers. Die Preise f\u00fcr die angebotenen Lieferungen und Leistungen enthalten nicht Kosten, die von Dritten verrechnet werden.<\/p>\n\n\n\n<p><strong>\u00a7 6 Lieferbedingungen<\/strong><br>(1) Die Lieferung erfolgt im Normalfall innerhalb von 7 bis 14&nbsp;Werktagen ab der Bestellung des Kunden, aber jedenfalls innerhalb von 30 Tagen ab Bestelldatum. Sollten wir \u2013 etwa aufgrund der Nichtverf\u00fcgbarkeit der Ware \u2013 eine Bestellung nicht annehmen k\u00f6nnen, teilen wir dies dem Kunden unverz\u00fcglich mit.<\/p>\n\n\n\n<p>(2) Die Lieferung erfolgt an die vom Kunden angegebene Adresse. Bei unrichtigen, unvollst\u00e4ndigen oder unklaren Angaben durch den Kunden tr\u00e4gt dieser alle daraus entstehenden Kosten.<br>Die Versandkosten richten sich nach den nationalen Paketgeb\u00fchren.<\/p>\n\n\n\n<p><strong>\u00a7 7 Zahlungsbedingungen<\/strong><br>(1) Rechnungen sind, sofern nicht anders vereinbart,&nbsp;innerhalb von 14 Tagen ab Rechnungseingang mittels der Ware beiliegendem Erlagschein abzugs- und spesenfrei f\u00e4llig.<br>(2) Die Verrechnung erfolgt in Euro.<br>(3) Der Kunde ist bei Zahlungsverzug verpflichtet s\u00e4mtliche der Fa. STROBLOBST e.U. durch diesen Zahlungsverzug entstehenden zur zweckentsprechenden Rechtsverfolgung notwendigen Mahn- und Inkassospesen zu ersetzen. Die Geltendmachung eines h\u00f6heren Verzugsschadens beh\u00e4lt sich Fa. STROBLOBST e.U. vor.<br>&nbsp;<br><strong>\u00a7 8 Gew\u00e4hrleistung<\/strong><br>Die Gew\u00e4hrleistung erfolgt nach den gesetzl. Bestimmungen. Kommt ein Austausch oder eine Verbesserung nicht in Betracht (nicht m\u00f6glich, zu hoher Aufwand, unzumutbar, Fristverzug), dann hat der K\u00e4ufer Anspruch auf Preisminderung bzw., wenn der Mangel nicht geringf\u00fcgig ist, Aufhebung des Vertrages (Wandlung). Der Ersatz von (Mangel-) Folgesch\u00e4den, sowie sonstigen Sachsch\u00e4den, Verm\u00f6genssch\u00e4den und Sch\u00e4den Dritter gegen den Kunden, sofern es sich nicht um ein Verbrauchergesch\u00e4ft handelt, ist ausgeschlossen.<\/p>\n\n\n","protected":false},"excerpt":{"rendered":"<p>Statt viel &#8222;Kleingedrucktem&#8220; hier ganz einfach unser Ablauf: Sie BESTELLEN &#8211; wir LIEFERN &#8211; Sie BEZAHLEN (die beigef\u00fcgte Rechnung) \u00a7 1 Geltungsbereich(1) Die nachstehenden \u201eAllgemeinen Gesch\u00e4ftsbedingungen\u201c (AGB) gelten in der am Tag der Bestellung g\u00fcltigen Fassung f\u00fcr s\u00e4mtliche&nbsp;Bestellvorg\u00e4nge aus dem Online-Shop&nbsp;zwischen STROBLOBST e.U. und&nbsp;seinen Kunden. Abweichende Vereinbarungen bed\u00fcrfen der Schriftform. Mit der Abgabe seiner Bestellung &hellip; <\/p>\n<p class=\"link-more\"><a href=\"https:\/\/www.stroblobst.at\/shop\/?page_id=64\" class=\"more-link\"><span class=\"screen-reader-text\">\u201eAGB\u201c <\/span>weiterlesen<\/a><\/p>\n","protected":false},"author":1,"featured_media":0,"parent":0,"menu_order":0,"comment_status":"closed","ping_status":"closed","template":"","meta":{"footnotes":""},"class_list":["post-64","page","type-page","status-publish","hentry"],"_links":{"self":[{"href":"https:\/\/www.stroblobst.at\/shop\/index.php?rest_route=\/wp\/v2\/pages\/64","targetHints":{"allow":["GET"]}}],"collection":[{"href":"https:\/\/www.stroblobst.at\/shop\/index.php?rest_route=\/wp\/v2\/pages"}],"about":[{"href":"https:\/\/www.stroblobst.at\/shop\/index.php?rest_route=\/wp\/v2\/types\/page"}],"author":[{"embeddable":true,"href":"https:\/\/www.stroblobst.at\/shop\/index.php?rest_route=\/wp\/v2\/users\/1"}],"replies":[{"embeddable":true,"href":"https:\/\/www.stroblobst.at\/shop\/index.php?rest_route=%2Fwp%2Fv2%2Fcomments&post=64"}],"version-history":[{"count":6,"href":"https:\/\/www.stroblobst.at\/shop\/index.php?rest_route=\/wp\/v2\/pages\/64\/revisions"}],"predecessor-version":[{"id":666,"href":"https:\/\/www.stroblobst.at\/shop\/index.php?rest_route=\/wp\/v2\/pages\/64\/revisions\/666"}],"wp:attachment":[{"href":"https:\/\/www.stroblobst.at\/shop\/index.php?rest_route=%2Fwp%2Fv2%2Fmedia&parent=64"}],"curies":[{"name":"wp","href":"https:\/\/api.w.org\/{rel}","templated":true}]}}