{"id":157,"date":"2020-05-02T14:29:51","date_gmt":"2020-05-02T12:29:51","guid":{"rendered":"https:\/\/www.stroblobst.at\/shop\/?post_type=product&#038;p=157"},"modified":"2024-11-04T10:26:31","modified_gmt":"2024-11-04T09:26:31","slug":"gala-apfelringe-extra-duenn-mit-schale-80g","status":"publish","type":"product","link":"https:\/\/www.stroblobst.at\/shop\/?product=gala-apfelringe-extra-duenn-mit-schale-80g","title":{"rendered":"GALA &#8211; Apfelringe extra d\u00fcnn mit Schale 80g"},"content":{"rendered":"<p><strong>Apfelringe getrocknet<\/strong><\/p>\n<p>F\u00fcr diese Spezialit\u00e4t verwenden wir von Hand gepfl\u00fcckte s\u00fc\u00dffruchtige Tafel\u00e4pfel mit zarter Schale.<br \/>\nUnsere Apfelringe werden auf traditionelle Art und Weise ausschlie\u00dflich durch D\u00f6rren im warmen Luftstrom hergestellt.<\/p>\n","protected":false},"excerpt":{"rendered":"<p>Apfelringe getrocknet F\u00fcr diese Spezialit\u00e4t verwenden wir von Hand gepfl\u00fcckte s\u00fc\u00dffruchtige Tafel\u00e4pfel mit zarter Schale. Unsere Apfelringe werden auf traditionelle Art und Weise ausschlie\u00dflich durch D\u00f6rren im warmen Luftstrom hergestellt.<\/p>\n","protected":false},"featured_media":77,"template":"","meta":[],"product_brand":[],"product_cat":[36],"product_tag":[],"class_list":{"0":"post-157","1":"product","2":"type-product","3":"status-publish","4":"has-post-thumbnail","6":"product_cat-doerrobst","8":"first","9":"instock","10":"featured","11":"taxable","12":"shipping-taxable","13":"purchasable","14":"product-type-simple"},"_links":{"self":[{"href":"https:\/\/www.stroblobst.at\/shop\/index.php?rest_route=\/wp\/v2\/product\/157","targetHints":{"allow":["GET"]}}],"collection":[{"href":"https:\/\/www.stroblobst.at\/shop\/index.php?rest_route=\/wp\/v2\/product"}],"about":[{"href":"https:\/\/www.stroblobst.at\/shop\/index.php?rest_route=\/wp\/v2\/types\/product"}],"wp:featuredmedia":[{"embeddable":true,"href":"https:\/\/www.stroblobst.at\/shop\/index.php?rest_route=\/wp\/v2\/media\/77"}],"wp:attachment":[{"href":"https:\/\/www.stroblobst.at\/shop\/index.php?rest_route=%2Fwp%2Fv2%2Fmedia&parent=157"}],"wp:term":[{"taxonomy":"product_brand","embeddable":true,"href":"https:\/\/www.stroblobst.at\/shop\/index.php?rest_route=%2Fwp%2Fv2%2Fproduct_brand&post=157"},{"taxonomy":"product_cat","embeddable":true,"href":"https:\/\/www.stroblobst.at\/shop\/index.php?rest_route=%2Fwp%2Fv2%2Fproduct_cat&post=157"},{"taxonomy":"product_tag","embeddable":true,"href":"https:\/\/www.stroblobst.at\/shop\/index.php?rest_route=%2Fwp%2Fv2%2Fproduct_tag&post=157"}],"curies":[{"name":"wp","href":"https:\/\/api.w.org\/{rel}","templated":true}]}}