{"id":159,"date":"2020-05-02T14:37:59","date_gmt":"2020-05-02T12:37:59","guid":{"rendered":"https:\/\/www.stroblobst.at\/shop\/?post_type=product&#038;p=159"},"modified":"2024-11-04T10:24:59","modified_gmt":"2024-11-04T09:24:59","slug":"weirouge-rote-apfelringe-extra-duenn-mit-schale-70g","status":"publish","type":"product","link":"https:\/\/www.stroblobst.at\/shop\/?product=weirouge-rote-apfelringe-extra-duenn-mit-schale-70g","title":{"rendered":"WEIROUGE\u00ae &#8211; Rote Apfelringe extra d\u00fcnn mit Schale 70g"},"content":{"rendered":"<p><strong>Apfelringe getrocknet<\/strong><\/p>\n<p>F\u00fcr diese Spezialit\u00e4t verwenden wir von Hand gepfl\u00fcckte rotfleischige Tafel\u00e4pfel der Apfelsorte Weirouge\u00ae.<br \/>\nDiese Apfelsorte besticht durch ihre knackige S\u00e4ure<br \/>\nund das nat\u00fcrlich rote Fruchtfleisch.<br \/>\nOHNE FARBSTOFFE!!!<\/p>\n","protected":false},"excerpt":{"rendered":"<p>Apfelringe getrocknet F\u00fcr diese Spezialit\u00e4t verwenden wir von Hand gepfl\u00fcckte rotfleischige Tafel\u00e4pfel der Apfelsorte Weirouge\u00ae. Diese Apfelsorte besticht durch ihre knackige S\u00e4ure und das nat\u00fcrlich rote Fruchtfleisch. OHNE FARBSTOFFE!!!<\/p>\n","protected":false},"featured_media":79,"template":"","meta":[],"product_brand":[],"product_cat":[36],"product_tag":[],"class_list":{"0":"post-159","1":"product","2":"type-product","3":"status-publish","4":"has-post-thumbnail","6":"product_cat-doerrobst","8":"first","9":"instock","10":"taxable","11":"shipping-taxable","12":"purchasable","13":"product-type-simple"},"_links":{"self":[{"href":"https:\/\/www.stroblobst.at\/shop\/index.php?rest_route=\/wp\/v2\/product\/159","targetHints":{"allow":["GET"]}}],"collection":[{"href":"https:\/\/www.stroblobst.at\/shop\/index.php?rest_route=\/wp\/v2\/product"}],"about":[{"href":"https:\/\/www.stroblobst.at\/shop\/index.php?rest_route=\/wp\/v2\/types\/product"}],"wp:featuredmedia":[{"embeddable":true,"href":"https:\/\/www.stroblobst.at\/shop\/index.php?rest_route=\/wp\/v2\/media\/79"}],"wp:attachment":[{"href":"https:\/\/www.stroblobst.at\/shop\/index.php?rest_route=%2Fwp%2Fv2%2Fmedia&parent=159"}],"wp:term":[{"taxonomy":"product_brand","embeddable":true,"href":"https:\/\/www.stroblobst.at\/shop\/index.php?rest_route=%2Fwp%2Fv2%2Fproduct_brand&post=159"},{"taxonomy":"product_cat","embeddable":true,"href":"https:\/\/www.stroblobst.at\/shop\/index.php?rest_route=%2Fwp%2Fv2%2Fproduct_cat&post=159"},{"taxonomy":"product_tag","embeddable":true,"href":"https:\/\/www.stroblobst.at\/shop\/index.php?rest_route=%2Fwp%2Fv2%2Fproduct_tag&post=159"}],"curies":[{"name":"wp","href":"https:\/\/api.w.org\/{rel}","templated":true}]}}