{"id":163,"date":"2020-05-02T14:57:53","date_gmt":"2020-05-02T12:57:53","guid":{"rendered":"https:\/\/www.stroblobst.at\/shop\/?post_type=product&#038;p=163"},"modified":"2026-02-14T17:21:13","modified_gmt":"2026-02-14T16:21:13","slug":"choco-apfelringe-im-schokomantel-100g-8er-karton","status":"publish","type":"product","link":"https:\/\/www.stroblobst.at\/shop\/?product=choco-apfelringe-im-schokomantel-100g-8er-karton","title":{"rendered":"CHOCO &#8211; Apfelringe im Schokomantel 100g | 8er Karton"},"content":{"rendered":"<p><strong>Apfelringe getrocknet mit Schokolade\u00fcberzug<\/strong><br \/>\nF\u00fcr diese Spezialit\u00e4t verwenden wir unsere ged\u00f6rrten Apfelringe, die mit einer der besten Milchschokoladen hauchd\u00fcnn \u00fcberzogen werden.<br \/>\nDiese Kombination vereint das fruchtige des Apfels mit dem feinen Geschmack der Schokolade.<\/p>\n","protected":false},"excerpt":{"rendered":"<p>Apfelringe getrocknet mit Schokolade\u00fcberzug F\u00fcr diese Spezialit\u00e4t verwenden wir unsere ged\u00f6rrten Apfelringe, die mit einer der besten Milchschokoladen hauchd\u00fcnn \u00fcberzogen werden. Diese Kombination vereint das fruchtige des Apfels mit dem feinen Geschmack der Schokolade.<\/p>\n","protected":false},"featured_media":630,"template":"","meta":[],"product_brand":[],"product_cat":[36],"product_tag":[],"class_list":{"0":"post-163","1":"product","2":"type-product","3":"status-publish","4":"has-post-thumbnail","6":"product_cat-doerrobst","8":"first","9":"instock","10":"taxable","11":"shipping-taxable","12":"purchasable","13":"product-type-simple"},"_links":{"self":[{"href":"https:\/\/www.stroblobst.at\/shop\/index.php?rest_route=\/wp\/v2\/product\/163","targetHints":{"allow":["GET"]}}],"collection":[{"href":"https:\/\/www.stroblobst.at\/shop\/index.php?rest_route=\/wp\/v2\/product"}],"about":[{"href":"https:\/\/www.stroblobst.at\/shop\/index.php?rest_route=\/wp\/v2\/types\/product"}],"wp:featuredmedia":[{"embeddable":true,"href":"https:\/\/www.stroblobst.at\/shop\/index.php?rest_route=\/wp\/v2\/media\/630"}],"wp:attachment":[{"href":"https:\/\/www.stroblobst.at\/shop\/index.php?rest_route=%2Fwp%2Fv2%2Fmedia&parent=163"}],"wp:term":[{"taxonomy":"product_brand","embeddable":true,"href":"https:\/\/www.stroblobst.at\/shop\/index.php?rest_route=%2Fwp%2Fv2%2Fproduct_brand&post=163"},{"taxonomy":"product_cat","embeddable":true,"href":"https:\/\/www.stroblobst.at\/shop\/index.php?rest_route=%2Fwp%2Fv2%2Fproduct_cat&post=163"},{"taxonomy":"product_tag","embeddable":true,"href":"https:\/\/www.stroblobst.at\/shop\/index.php?rest_route=%2Fwp%2Fv2%2Fproduct_tag&post=163"}],"curies":[{"name":"wp","href":"https:\/\/api.w.org\/{rel}","templated":true}]}}