{"id":164,"date":"2020-05-02T15:23:15","date_gmt":"2020-05-02T13:23:15","guid":{"rendered":"https:\/\/www.stroblobst.at\/shop\/?post_type=product&#038;p=164"},"modified":"2026-02-14T17:23:41","modified_gmt":"2026-02-14T16:23:41","slug":"doerrapfelschokolade-70g","status":"publish","type":"product","link":"https:\/\/www.stroblobst.at\/shop\/?product=doerrapfelschokolade-70g","title":{"rendered":"D\u00f6rrapfelschokolade 70g"},"content":{"rendered":"<p><strong>Edle Zartbitter-Schokolade gef\u00fcllt mit einer <\/strong><br \/>\n<strong>D\u00f6rrapfel-Nougat-Creme.<\/strong><\/p>\n<p>F\u00fcr diese Spezialit\u00e4t werden getrocknete Apfelecken (17% = entspricht 120g frischer \u00c4pfel), mit einer Nougatmasse vermengt, in Tafelform ausgeschnitten und anschlie\u00dfend mit einer Edelbitterschokolade (60% Kakao) \u00fcberzogen.<\/p>\n","protected":false},"excerpt":{"rendered":"<p>Edle Zartbitter-Schokolade gef\u00fcllt mit einer D\u00f6rrapfel-Nougat-Creme. F\u00fcr diese Spezialit\u00e4t werden getrocknete Apfelecken (17% = entspricht 120g frischer \u00c4pfel), mit einer Nougatmasse vermengt, in Tafelform ausgeschnitten und anschlie\u00dfend mit einer Edelbitterschokolade (60% Kakao) \u00fcberzogen.<\/p>\n","protected":false},"featured_media":196,"template":"","meta":[],"product_brand":[],"product_cat":[37],"product_tag":[],"class_list":{"0":"post-164","1":"product","2":"type-product","3":"status-publish","4":"has-post-thumbnail","6":"product_cat-doerrapfelschokolade","8":"first","9":"outofstock","10":"taxable","11":"shipping-taxable","12":"purchasable","13":"product-type-simple"},"_links":{"self":[{"href":"https:\/\/www.stroblobst.at\/shop\/index.php?rest_route=\/wp\/v2\/product\/164","targetHints":{"allow":["GET"]}}],"collection":[{"href":"https:\/\/www.stroblobst.at\/shop\/index.php?rest_route=\/wp\/v2\/product"}],"about":[{"href":"https:\/\/www.stroblobst.at\/shop\/index.php?rest_route=\/wp\/v2\/types\/product"}],"wp:featuredmedia":[{"embeddable":true,"href":"https:\/\/www.stroblobst.at\/shop\/index.php?rest_route=\/wp\/v2\/media\/196"}],"wp:attachment":[{"href":"https:\/\/www.stroblobst.at\/shop\/index.php?rest_route=%2Fwp%2Fv2%2Fmedia&parent=164"}],"wp:term":[{"taxonomy":"product_brand","embeddable":true,"href":"https:\/\/www.stroblobst.at\/shop\/index.php?rest_route=%2Fwp%2Fv2%2Fproduct_brand&post=164"},{"taxonomy":"product_cat","embeddable":true,"href":"https:\/\/www.stroblobst.at\/shop\/index.php?rest_route=%2Fwp%2Fv2%2Fproduct_cat&post=164"},{"taxonomy":"product_tag","embeddable":true,"href":"https:\/\/www.stroblobst.at\/shop\/index.php?rest_route=%2Fwp%2Fv2%2Fproduct_tag&post=164"}],"curies":[{"name":"wp","href":"https:\/\/api.w.org\/{rel}","templated":true}]}}