{"id":309,"date":"2020-11-04T13:17:17","date_gmt":"2020-11-04T12:17:17","guid":{"rendered":"https:\/\/www.stroblobst.at\/shop\/?post_type=product&#038;p=309"},"modified":"2026-01-20T17:14:29","modified_gmt":"2026-01-20T16:14:29","slug":"rosso-nero-apfelringe-im-zartbitter-schokomantel-100g","status":"publish","type":"product","link":"https:\/\/www.stroblobst.at\/shop\/?product=rosso-nero-apfelringe-im-zartbitter-schokomantel-100g","title":{"rendered":"ROSSO &#038; NERO &#8211; Apfelringe im Zartbitter Schokomantel 100g"},"content":{"rendered":"<p><strong>Apfelringe getrocknet mit Schokolade\u00fcberzug<\/strong><br \/>\nF\u00fcr diese Spezialit\u00e4t verwenden wir rot-fleischige Apfelringe der Sorte Weirouge, die mit bester O\u00d6. Edelbitterschokolade hauch-d\u00fcnn \u00fcberzogen werden. Diese Kombination vereint das s\u00e4uerliche des Apfels mit dem herben Geschmack dunkler Schokolade.<\/p>\n","protected":false},"excerpt":{"rendered":"<p>Apfelringe getrocknet mit Schokolade\u00fcberzug F\u00fcr diese Spezialit\u00e4t verwenden wir rot-fleischige Apfelringe der Sorte Weirouge, die mit bester O\u00d6. Edelbitterschokolade hauch-d\u00fcnn \u00fcberzogen werden. Diese Kombination vereint das s\u00e4uerliche des Apfels mit dem herben Geschmack dunkler Schokolade.<\/p>\n","protected":false},"featured_media":312,"template":"","meta":[],"product_brand":[],"product_cat":[36],"product_tag":[],"class_list":{"0":"post-309","1":"product","2":"type-product","3":"status-publish","4":"has-post-thumbnail","6":"product_cat-doerrobst","8":"first","9":"instock","10":"featured","11":"taxable","12":"shipping-taxable","13":"purchasable","14":"product-type-simple"},"_links":{"self":[{"href":"https:\/\/www.stroblobst.at\/shop\/index.php?rest_route=\/wp\/v2\/product\/309","targetHints":{"allow":["GET"]}}],"collection":[{"href":"https:\/\/www.stroblobst.at\/shop\/index.php?rest_route=\/wp\/v2\/product"}],"about":[{"href":"https:\/\/www.stroblobst.at\/shop\/index.php?rest_route=\/wp\/v2\/types\/product"}],"wp:featuredmedia":[{"embeddable":true,"href":"https:\/\/www.stroblobst.at\/shop\/index.php?rest_route=\/wp\/v2\/media\/312"}],"wp:attachment":[{"href":"https:\/\/www.stroblobst.at\/shop\/index.php?rest_route=%2Fwp%2Fv2%2Fmedia&parent=309"}],"wp:term":[{"taxonomy":"product_brand","embeddable":true,"href":"https:\/\/www.stroblobst.at\/shop\/index.php?rest_route=%2Fwp%2Fv2%2Fproduct_brand&post=309"},{"taxonomy":"product_cat","embeddable":true,"href":"https:\/\/www.stroblobst.at\/shop\/index.php?rest_route=%2Fwp%2Fv2%2Fproduct_cat&post=309"},{"taxonomy":"product_tag","embeddable":true,"href":"https:\/\/www.stroblobst.at\/shop\/index.php?rest_route=%2Fwp%2Fv2%2Fproduct_tag&post=309"}],"curies":[{"name":"wp","href":"https:\/\/api.w.org\/{rel}","templated":true}]}}