{"id":571,"date":"2024-01-02T10:57:30","date_gmt":"2024-01-02T09:57:30","guid":{"rendered":"https:\/\/www.stroblobst.at\/shop\/?post_type=product&#038;p=571"},"modified":"2026-02-17T15:15:08","modified_gmt":"2026-02-17T14:15:08","slug":"apfelsaft-kristallklar-1-liter","status":"publish","type":"product","link":"https:\/\/www.stroblobst.at\/shop\/?product=apfelsaft-kristallklar-1-liter","title":{"rendered":"Apfelsaft &#8222;kristallklar&#8220; &#8211; 1 Liter"},"content":{"rendered":"<p>Apfelsaft kristallklar 1 Liter<\/p>\n<p>inkl. Pfandflasche (kann in ausgew\u00e4hlten Lebensmittelgesch\u00e4ften in \u00d6 zur\u00fcckgegeben werden)<\/p>\n<p style=\"text-align: left;\" align=\"center\"><span style=\"color: #800000;\"><span class=\"auto-style88\">Unser Apfelsaft wird direkt <\/span><span class=\"auto-style88\">aus frischen Tafel\u00e4pfeln gepresst <\/span><span class=\"auto-style88\">(100% frischer Presssaft).\u00a0<\/span><\/span><\/p>\n<p style=\"text-align: left;\" align=\"center\"><span style=\"color: #800000;\">Die \u00c4pfel f\u00fcr unseren Apfelsaft\u00a0werden von Hand gepfl\u00fcckt,\u00a0<span class=\"auto-style88\">so gelangen sie schonend\u00a0<\/span><span class=\"auto-style88\">ohne Verletzungen und Verunreinigungen\u00a0<\/span><span class=\"auto-style88\">zur Obstpresse.<\/span><\/span><\/p>\n<p class=\"auto-style109\" style=\"text-align: left;\" align=\"center\"><span style=\"color: #800000;\">Der ablaufende Saft wird\u00a0von gr\u00f6\u00dferen Fruchtteilchen befreit\u00a0und gelangt so erw\u00e4rmt auf 78\u00b0C\u00a0in die Flasche wo er sofort verschlossen wird.\u00a0Nur durch die Erw\u00e4rmung (Pasteurisation)\u00a0ist unser Apfelsaft mind. 2 Jahre\u00a0ab der Abf\u00fcllung haltbar.<\/span><\/p>\n<p style=\"text-align: left;\">\n","protected":false},"excerpt":{"rendered":"<p>Apfelsaft kristallklar 1 Liter inkl. Pfandflasche (kann in ausgew\u00e4hlten Lebensmittelgesch\u00e4ften in \u00d6 zur\u00fcckgegeben werden) Unser Apfelsaft wird direkt aus frischen Tafel\u00e4pfeln gepresst (100% frischer Presssaft).\u00a0 Die \u00c4pfel f\u00fcr unseren Apfelsaft\u00a0werden von Hand gepfl\u00fcckt,\u00a0so gelangen sie schonend\u00a0ohne Verletzungen und Verunreinigungen\u00a0zur Obstpresse. Der ablaufende Saft wird\u00a0von gr\u00f6\u00dferen Fruchtteilchen befreit\u00a0und gelangt so erw\u00e4rmt auf 78\u00b0C\u00a0in die Flasche wo &hellip; <\/p>\n<p class=\"link-more\"><a href=\"https:\/\/www.stroblobst.at\/shop\/?product=apfelsaft-kristallklar-1-liter\" class=\"more-link\"><span class=\"screen-reader-text\">\u201eApfelsaft &#8222;kristallklar&#8220; &#8211; 1 Liter\u201c <\/span>weiterlesen<\/a><\/p>\n","protected":false},"featured_media":576,"template":"","meta":[],"product_brand":[],"product_cat":[79],"product_tag":[],"class_list":{"0":"post-571","1":"product","2":"type-product","3":"status-publish","4":"has-post-thumbnail","6":"product_cat-saft-most","8":"first","9":"instock","10":"taxable","11":"shipping-taxable","12":"purchasable","13":"product-type-simple"},"_links":{"self":[{"href":"https:\/\/www.stroblobst.at\/shop\/index.php?rest_route=\/wp\/v2\/product\/571","targetHints":{"allow":["GET"]}}],"collection":[{"href":"https:\/\/www.stroblobst.at\/shop\/index.php?rest_route=\/wp\/v2\/product"}],"about":[{"href":"https:\/\/www.stroblobst.at\/shop\/index.php?rest_route=\/wp\/v2\/types\/product"}],"wp:featuredmedia":[{"embeddable":true,"href":"https:\/\/www.stroblobst.at\/shop\/index.php?rest_route=\/wp\/v2\/media\/576"}],"wp:attachment":[{"href":"https:\/\/www.stroblobst.at\/shop\/index.php?rest_route=%2Fwp%2Fv2%2Fmedia&parent=571"}],"wp:term":[{"taxonomy":"product_brand","embeddable":true,"href":"https:\/\/www.stroblobst.at\/shop\/index.php?rest_route=%2Fwp%2Fv2%2Fproduct_brand&post=571"},{"taxonomy":"product_cat","embeddable":true,"href":"https:\/\/www.stroblobst.at\/shop\/index.php?rest_route=%2Fwp%2Fv2%2Fproduct_cat&post=571"},{"taxonomy":"product_tag","embeddable":true,"href":"https:\/\/www.stroblobst.at\/shop\/index.php?rest_route=%2Fwp%2Fv2%2Fproduct_tag&post=571"}],"curies":[{"name":"wp","href":"https:\/\/api.w.org\/{rel}","templated":true}]}}