{"id":578,"date":"2023-12-20T11:06:20","date_gmt":"2023-12-20T10:06:20","guid":{"rendered":"https:\/\/www.stroblobst.at\/shop\/?post_type=product&#038;p=578"},"modified":"2026-02-17T15:16:44","modified_gmt":"2026-02-17T14:16:44","slug":"no-48-apfelmost-apfelwein-1-liter","status":"publish","type":"product","link":"https:\/\/www.stroblobst.at\/shop\/?product=no-48-apfelmost-apfelwein-1-liter","title":{"rendered":"No 48 Apfelmost\/Apfelwein &#8211; 1 Liter"},"content":{"rendered":"<p>No 48 &#8211; Apfelmost\/Apfelwein\u00a0 1 Liter<\/p>\n<p>inkl. Pfandflasche (kann bei ausgew\u00e4hlten Direktvermarktern in \u00d6 zur\u00fcckgegeben werden)<\/p>\n<p style=\"text-align: left;\" align=\"center\">Aus der Idee das fruchtige Aroma auch im vergorenen Zustand zu erhalten\u00a0entstand bei nur\u00a06,5 vol% Alkohol\u00a0unser leichter spritzig-fruchtiger Apfelwein.<\/p>\n<p style=\"text-align: left;\" align=\"center\">Gespritzt mit Mineral- oder Sodawasser\u00a0ergibt er einen exzellenten Durstl\u00f6scher,\u00a0ideal auch f\u00fcr hei\u00dfe Sommertage.<\/p>\n<p style=\"text-align: left;\" align=\"center\">Da unser Apfelwein No.48 aus gepfl\u00fcckten Tafel\u00e4pfeln gepresst wird, ist er milder als herk\u00f6mmliche Moste und daher besonders gut vertr\u00e4glich auch f\u00fcr &#8222;s\u00e4ureempfindliche&#8220; Genie\u00dfer.<\/p>\n","protected":false},"excerpt":{"rendered":"<p>No 48 &#8211; Apfelmost\/Apfelwein\u00a0 1 Liter inkl. Pfandflasche (kann bei ausgew\u00e4hlten Direktvermarktern in \u00d6 zur\u00fcckgegeben werden) Aus der Idee das fruchtige Aroma auch im vergorenen Zustand zu erhalten\u00a0entstand bei nur\u00a06,5 vol% Alkohol\u00a0unser leichter spritzig-fruchtiger Apfelwein. Gespritzt mit Mineral- oder Sodawasser\u00a0ergibt er einen exzellenten Durstl\u00f6scher,\u00a0ideal auch f\u00fcr hei\u00dfe Sommertage. Da unser Apfelwein No.48 aus gepfl\u00fcckten Tafel\u00e4pfeln &hellip; <\/p>\n<p class=\"link-more\"><a href=\"https:\/\/www.stroblobst.at\/shop\/?product=no-48-apfelmost-apfelwein-1-liter\" class=\"more-link\"><span class=\"screen-reader-text\">\u201eNo 48 Apfelmost\/Apfelwein &#8211; 1 Liter\u201c <\/span>weiterlesen<\/a><\/p>\n","protected":false},"featured_media":575,"template":"","meta":[],"product_brand":[],"product_cat":[79],"product_tag":[],"class_list":{"0":"post-578","1":"product","2":"type-product","3":"status-publish","4":"has-post-thumbnail","6":"product_cat-saft-most","8":"first","9":"instock","10":"taxable","11":"shipping-taxable","12":"purchasable","13":"product-type-simple"},"_links":{"self":[{"href":"https:\/\/www.stroblobst.at\/shop\/index.php?rest_route=\/wp\/v2\/product\/578","targetHints":{"allow":["GET"]}}],"collection":[{"href":"https:\/\/www.stroblobst.at\/shop\/index.php?rest_route=\/wp\/v2\/product"}],"about":[{"href":"https:\/\/www.stroblobst.at\/shop\/index.php?rest_route=\/wp\/v2\/types\/product"}],"wp:featuredmedia":[{"embeddable":true,"href":"https:\/\/www.stroblobst.at\/shop\/index.php?rest_route=\/wp\/v2\/media\/575"}],"wp:attachment":[{"href":"https:\/\/www.stroblobst.at\/shop\/index.php?rest_route=%2Fwp%2Fv2%2Fmedia&parent=578"}],"wp:term":[{"taxonomy":"product_brand","embeddable":true,"href":"https:\/\/www.stroblobst.at\/shop\/index.php?rest_route=%2Fwp%2Fv2%2Fproduct_brand&post=578"},{"taxonomy":"product_cat","embeddable":true,"href":"https:\/\/www.stroblobst.at\/shop\/index.php?rest_route=%2Fwp%2Fv2%2Fproduct_cat&post=578"},{"taxonomy":"product_tag","embeddable":true,"href":"https:\/\/www.stroblobst.at\/shop\/index.php?rest_route=%2Fwp%2Fv2%2Fproduct_tag&post=578"}],"curies":[{"name":"wp","href":"https:\/\/api.w.org\/{rel}","templated":true}]}}