{"id":600,"date":"2024-05-08T16:52:41","date_gmt":"2024-05-08T14:52:41","guid":{"rendered":"https:\/\/www.stroblobst.at\/shop\/?post_type=product&#038;p=600"},"modified":"2026-01-20T17:13:53","modified_gmt":"2026-01-20T16:13:53","slug":"bianco-apfelringe-im-weissen-schokomantel-100g","status":"publish","type":"product","link":"https:\/\/www.stroblobst.at\/shop\/?product=bianco-apfelringe-im-weissen-schokomantel-100g","title":{"rendered":"BIANCO &#8211; Apfelringe im wei\u00dfen Schokomantel 100g"},"content":{"rendered":"<p><strong>Apfelringe getrocknet mit wei\u00dfem Schokolade\u00fcberzug<\/strong><br \/>\nF\u00fcr diese Spezialit\u00e4t verwenden wir unsere ged\u00f6rrten Apfelringe, die mit einer der Besten wei\u00dfen Schokolade \u00fcberzogen werden.<br \/>\nDiese Kombination vereint das fruchtige des Apfels mit dem cremig zarten\u00a0 Geschmack Wei\u00dfer Schokolade.<\/p>\n","protected":false},"excerpt":{"rendered":"<p>Apfelringe getrocknet mit wei\u00dfem Schokolade\u00fcberzug F\u00fcr diese Spezialit\u00e4t verwenden wir unsere ged\u00f6rrten Apfelringe, die mit einer der Besten wei\u00dfen Schokolade \u00fcberzogen werden. Diese Kombination vereint das fruchtige des Apfels mit dem cremig zarten\u00a0 Geschmack Wei\u00dfer Schokolade.<\/p>\n","protected":false},"featured_media":601,"template":"","meta":[],"product_brand":[],"product_cat":[36],"product_tag":[],"class_list":{"0":"post-600","1":"product","2":"type-product","3":"status-publish","4":"has-post-thumbnail","6":"product_cat-doerrobst","8":"first","9":"instock","10":"taxable","11":"shipping-taxable","12":"purchasable","13":"product-type-simple"},"_links":{"self":[{"href":"https:\/\/www.stroblobst.at\/shop\/index.php?rest_route=\/wp\/v2\/product\/600","targetHints":{"allow":["GET"]}}],"collection":[{"href":"https:\/\/www.stroblobst.at\/shop\/index.php?rest_route=\/wp\/v2\/product"}],"about":[{"href":"https:\/\/www.stroblobst.at\/shop\/index.php?rest_route=\/wp\/v2\/types\/product"}],"wp:featuredmedia":[{"embeddable":true,"href":"https:\/\/www.stroblobst.at\/shop\/index.php?rest_route=\/wp\/v2\/media\/601"}],"wp:attachment":[{"href":"https:\/\/www.stroblobst.at\/shop\/index.php?rest_route=%2Fwp%2Fv2%2Fmedia&parent=600"}],"wp:term":[{"taxonomy":"product_brand","embeddable":true,"href":"https:\/\/www.stroblobst.at\/shop\/index.php?rest_route=%2Fwp%2Fv2%2Fproduct_brand&post=600"},{"taxonomy":"product_cat","embeddable":true,"href":"https:\/\/www.stroblobst.at\/shop\/index.php?rest_route=%2Fwp%2Fv2%2Fproduct_cat&post=600"},{"taxonomy":"product_tag","embeddable":true,"href":"https:\/\/www.stroblobst.at\/shop\/index.php?rest_route=%2Fwp%2Fv2%2Fproduct_tag&post=600"}],"curies":[{"name":"wp","href":"https:\/\/api.w.org\/{rel}","templated":true}]}}