{"id":702,"date":"2025-12-05T11:41:03","date_gmt":"2025-12-05T10:41:03","guid":{"rendered":"https:\/\/www.stroblobst.at\/shop\/?post_type=product&#038;p=702"},"modified":"2025-12-05T11:42:34","modified_gmt":"2025-12-05T10:42:34","slug":"doerrapfelschokolade-70g-hirsch","status":"publish","type":"product","link":"https:\/\/www.stroblobst.at\/shop\/?product=doerrapfelschokolade-70g-hirsch","title":{"rendered":"D\u00f6rrapfelschokolade 70g &#8222;Hirsch&#8220;"},"content":{"rendered":"<p><strong>Edle Zartbitter-Schokolade gef\u00fcllt mit einer <\/strong><br \/>\n<strong>D\u00f6rrapfel-Nougat-Creme.<\/strong><\/p>\n<p>F\u00fcr diese Spezialit\u00e4t werden getrocknete Apfelecken (17% = entspricht 120g frischer \u00c4pfel), mit einer Nougatmasse vermengt, in Tafelform ausgeschnitten und anschlie\u00dfend mit einer Edelbitterschokolade (60% Kakao) \u00fcberzogen.<\/p>\n","protected":false},"excerpt":{"rendered":"<p>Edle Zartbitter-Schokolade gef\u00fcllt mit einer D\u00f6rrapfel-Nougat-Creme. F\u00fcr diese Spezialit\u00e4t werden getrocknete Apfelecken (17% = entspricht 120g frischer \u00c4pfel), mit einer Nougatmasse vermengt, in Tafelform ausgeschnitten und anschlie\u00dfend mit einer Edelbitterschokolade (60% Kakao) \u00fcberzogen.<\/p>\n","protected":false},"featured_media":703,"template":"","meta":[],"product_brand":[],"product_cat":[83],"product_tag":[],"class_list":{"0":"post-702","1":"product","2":"type-product","3":"status-publish","4":"has-post-thumbnail","6":"product_cat-weihnachten","8":"first","9":"instock","10":"taxable","11":"shipping-taxable","12":"purchasable","13":"product-type-simple"},"_links":{"self":[{"href":"https:\/\/www.stroblobst.at\/shop\/index.php?rest_route=\/wp\/v2\/product\/702","targetHints":{"allow":["GET"]}}],"collection":[{"href":"https:\/\/www.stroblobst.at\/shop\/index.php?rest_route=\/wp\/v2\/product"}],"about":[{"href":"https:\/\/www.stroblobst.at\/shop\/index.php?rest_route=\/wp\/v2\/types\/product"}],"wp:featuredmedia":[{"embeddable":true,"href":"https:\/\/www.stroblobst.at\/shop\/index.php?rest_route=\/wp\/v2\/media\/703"}],"wp:attachment":[{"href":"https:\/\/www.stroblobst.at\/shop\/index.php?rest_route=%2Fwp%2Fv2%2Fmedia&parent=702"}],"wp:term":[{"taxonomy":"product_brand","embeddable":true,"href":"https:\/\/www.stroblobst.at\/shop\/index.php?rest_route=%2Fwp%2Fv2%2Fproduct_brand&post=702"},{"taxonomy":"product_cat","embeddable":true,"href":"https:\/\/www.stroblobst.at\/shop\/index.php?rest_route=%2Fwp%2Fv2%2Fproduct_cat&post=702"},{"taxonomy":"product_tag","embeddable":true,"href":"https:\/\/www.stroblobst.at\/shop\/index.php?rest_route=%2Fwp%2Fv2%2Fproduct_tag&post=702"}],"curies":[{"name":"wp","href":"https:\/\/api.w.org\/{rel}","templated":true}]}}