{"id":82,"date":"2020-04-29T17:10:17","date_gmt":"2020-04-29T15:10:17","guid":{"rendered":"https:\/\/www.stroblobst.at\/shop\/?post_type=product&#038;p=82"},"modified":"2024-11-04T10:27:54","modified_gmt":"2024-11-04T09:27:54","slug":"gold-apfelringe-ohne-schale-100g","status":"publish","type":"product","link":"https:\/\/www.stroblobst.at\/shop\/?product=gold-apfelringe-ohne-schale-100g","title":{"rendered":"GOLD &#8211; Apfelringe ohne Schale 100g"},"content":{"rendered":"<p><strong>Apfelringe getrocknet<\/strong><\/p>\n<p>F\u00fcr diese Spezialit\u00e4t verwenden wir 1kg von Hand gepfl\u00fcckte feinfruchtige Tafel\u00e4pfel mit angenehmer Fruchts\u00e4ure.<br \/>\nUnsere Apfelringe werden auf traditionelle Art und Weise ausschlie\u00dflich durch D\u00f6rren im warmen Luftstrom hergestellt.<\/p>\n","protected":false},"excerpt":{"rendered":"<p>Apfelringe getrocknet F\u00fcr diese Spezialit\u00e4t verwenden wir 1kg von Hand gepfl\u00fcckte feinfruchtige Tafel\u00e4pfel mit angenehmer Fruchts\u00e4ure. Unsere Apfelringe werden auf traditionelle Art und Weise ausschlie\u00dflich durch D\u00f6rren im warmen Luftstrom hergestellt.<\/p>\n","protected":false},"featured_media":78,"template":"","meta":[],"product_brand":[],"product_cat":[36],"product_tag":[],"class_list":{"0":"post-82","1":"product","2":"type-product","3":"status-publish","4":"has-post-thumbnail","6":"product_cat-doerrobst","8":"first","9":"instock","10":"featured","11":"taxable","12":"shipping-taxable","13":"purchasable","14":"product-type-simple"},"_links":{"self":[{"href":"https:\/\/www.stroblobst.at\/shop\/index.php?rest_route=\/wp\/v2\/product\/82","targetHints":{"allow":["GET"]}}],"collection":[{"href":"https:\/\/www.stroblobst.at\/shop\/index.php?rest_route=\/wp\/v2\/product"}],"about":[{"href":"https:\/\/www.stroblobst.at\/shop\/index.php?rest_route=\/wp\/v2\/types\/product"}],"wp:featuredmedia":[{"embeddable":true,"href":"https:\/\/www.stroblobst.at\/shop\/index.php?rest_route=\/wp\/v2\/media\/78"}],"wp:attachment":[{"href":"https:\/\/www.stroblobst.at\/shop\/index.php?rest_route=%2Fwp%2Fv2%2Fmedia&parent=82"}],"wp:term":[{"taxonomy":"product_brand","embeddable":true,"href":"https:\/\/www.stroblobst.at\/shop\/index.php?rest_route=%2Fwp%2Fv2%2Fproduct_brand&post=82"},{"taxonomy":"product_cat","embeddable":true,"href":"https:\/\/www.stroblobst.at\/shop\/index.php?rest_route=%2Fwp%2Fv2%2Fproduct_cat&post=82"},{"taxonomy":"product_tag","embeddable":true,"href":"https:\/\/www.stroblobst.at\/shop\/index.php?rest_route=%2Fwp%2Fv2%2Fproduct_tag&post=82"}],"curies":[{"name":"wp","href":"https:\/\/api.w.org\/{rel}","templated":true}]}}